{"id":13,"date":"2025-02-19T11:13:39","date_gmt":"2025-02-19T03:13:39","guid":{"rendered":"https:\/\/solarvest.vn\/?page_id=13"},"modified":"2026-03-25T16:20:43","modified_gmt":"2026-03-25T08:20:43","slug":"lien-he","status":"publish","type":"page","link":"https:\/\/solarvest.vn\/vn\/lien-he\/","title":{"rendered":"Li\u00ean H\u1ec7"},"content":{"rendered":"<div data-elementor-type=\"wp-page\" data-elementor-id=\"13\" class=\"elementor elementor-13\" data-elementor-post-type=\"page\">\n\t\t\t\t<div class=\"elementor-element elementor-element-ca8c9dd e-flex e-con-boxed e-con e-parent\" data-id=\"ca8c9dd\" data-element_type=\"container\" data-e-type=\"container\" data-settings=\"{&quot;background_background&quot;:&quot;classic&quot;}\">\n\t\t\t\t\t<div class=\"e-con-inner\">\n\t\t<div class=\"elementor-element elementor-element-3420991 e-con-full e-flex e-con e-child\" data-id=\"3420991\" data-element_type=\"container\" data-e-type=\"container\">\n\t\t\t\t<div class=\"elementor-element elementor-element-92d506d elementor-widget elementor-widget-heading\" data-id=\"92d506d\" data-element_type=\"widget\" data-e-type=\"widget\" data-widget_type=\"heading.default\">\n\t\t\t\t\t<h1 class=\"elementor-heading-title elementor-size-default\">K\u1ebft N\u1ed1i V\u1edbi Ch\u00fang T\u00f4i Cho Gi\u1ea3i Ph\u00e1p N\u0103ng L\u01b0\u1ee3ng S\u1ea1ch<\/h1>\t\t\t\t<\/div>\n\t\t\t\t<div class=\"elementor-element elementor-element-75d649a elementor-widget elementor-widget-text-editor\" data-id=\"75d649a\" data-element_type=\"widget\" data-e-type=\"widget\" data-widget_type=\"text-editor.default\">\n\t\t\t\t\t\t\t\t\t<p>Li\u00ean h\u1ec7 v\u1edbi ch\u00fang t\u00f4i ngay h\u00f4m nay \u0111\u1ec3 kh\u00e1m ph\u00e1 c\u00e1c gi\u1ea3i ph\u00e1p n\u0103ng l\u01b0\u1ee3ng s\u1ea1ch ph\u00f9 h\u1ee3p v\u1edbi nhu c\u1ea7u c\u1ee7a b\u1ea1n.<\/p>\t\t\t\t\t\t\t\t<\/div>\n\t\t\t\t<\/div>\n\t\t<div class=\"elementor-element elementor-element-7a23b53 e-con-full e-flex e-con e-child\" data-id=\"7a23b53\" data-element_type=\"container\" data-e-type=\"container\" data-settings=\"{&quot;background_background&quot;:&quot;classic&quot;}\">\n\t\t\t\t<div class=\"elementor-element elementor-element-9b299f2 elementor-widget elementor-widget-jet-form-builder-form\" data-id=\"9b299f2\" data-element_type=\"widget\" data-e-type=\"widget\" data-widget_type=\"jet-form-builder-form.default\">\n\t\t\t\t<div class=\"elementor-widget-container\">\n\t\t\t\t\t<link rel='stylesheet' id='wp-block-library-css' href='https:\/\/solarvest.vn\/wp-includes\/css\/dist\/block-library\/style.min.css?ver=6.9.4' media='all' \/>\n<style id=\"jet-form-builder-588-inline-css\"><\/style><form  class=\"jet-form-builder layout-column submit-type-ajax\" action=\"https:\/\/solarvest.vn\/vn\/wp-json\/wp\/v2\/pages\/13\/?vJ9yyy=dhuNwACyGh&#038;method=reload\" method=\"POST\" data-form-id=\"588\" data-layout=\"column\" enctype=\"multipart\/form-data\" novalidate=\"null\" ssr_validation_method=\"rest\" data-trp-original-action=\"https:\/\/solarvest.vn\/vn\/wp-json\/wp\/v2\/pages\/13\/?vJ9yyy=dhuNwACyGh&amp;method=reload\">\r\n<input type=\"hidden\" name=\"_jfb_current_render_states[]\" value=\"DEFAULT.STATE\" data-jfb-sync \/><input type=\"hidden\" class=\"jet-form-builder__field hidden-field\" name=\"_jet_engine_booking_form_id\" data-field-name=\"_jet_engine_booking_form_id\" value=\"588\">\n<input type=\"hidden\" class=\"jet-form-builder__field hidden-field\" name=\"_jet_engine_refer\" data-field-name=\"_jet_engine_refer\" value=\"https:\/\/solarvest.vn\/vn\/wp-json\/wp\/v2\/pages\/13\/\">\n<input type=\"hidden\" class=\"jet-form-builder__field hidden-field\" name=\"__queried_post_id\" data-field-name=\"__queried_post_id\" value=\"13\">\n\n<div class=\"wp-block-columns is-layout-flex wp-container-core-columns-is-layout-28f84493 wp-block-columns-is-layout-flex\">\n<div class=\"wp-block-column is-layout-flow wp-block-column-is-layout-flow\"><div  class=\"jet-form-builder-row field-type-text-field\" >\n<div class=\"jet-form-builder__label\">\r\n<div class=\"jet-form-builder__label-text\">T\u00ean <span class=\"jet-form-builder__required\">*<\/span><\/div><\/div><div class=\"jet-form-builder__field-wrap\">\n\t\t\t\t<input required=\"required\" name=\"first_name\" id=\"first_name\" type=\"text\" data-field-name=\"first_name\" class=\"jet-form-builder__field text-field\" data-jfb-sync=\"null\" autocomplete=\"off_LfxDZmkl\">\n\t\t\t\t\t<\/div>\n<\/div><\/div>\n\n\n\n<div class=\"wp-block-column is-layout-flow wp-block-column-is-layout-flow\"><div  class=\"jet-form-builder-row field-type-text-field\" >\n<div class=\"jet-form-builder__label\">\r\n<div class=\"jet-form-builder__label-text\">H\u1ecd <span class=\"jet-form-builder__required\">*<\/span><\/div><\/div><div class=\"jet-form-builder__field-wrap\">\n\t\t\t\t<input required=\"required\" name=\"last_name\" id=\"last_name\" type=\"text\" data-field-name=\"last_name\" class=\"jet-form-builder__field text-field\" data-jfb-sync=\"null\" autocomplete=\"off_f6gMK1eb\">\n\t\t\t\t\t<\/div>\n<\/div><\/div>\n<\/div>\n\n\n\n<div class=\"wp-block-columns is-layout-flex wp-container-core-columns-is-layout-28f84493 wp-block-columns-is-layout-flex\">\n<div class=\"wp-block-column is-layout-flow wp-block-column-is-layout-flow\"><div  class=\"jet-form-builder-row field-type-text-field\" >\n<div class=\"jet-form-builder__label\">\r\n<div class=\"jet-form-builder__label-text\">Email <span class=\"jet-form-builder__required\">*<\/span><\/div><\/div><div class=\"jet-form-builder__field-wrap\">\n\t\t\t\t<input required=\"required\" name=\"email\" id=\"email\" type=\"email\" data-field-name=\"email\" class=\"jet-form-builder__field text-field\" data-jfb-sync=\"null\" autocomplete=\"off_fTSYPnew\">\n\t\t\t\t\t<\/div>\n<\/div><\/div>\n\n\n\n<div class=\"wp-block-column is-layout-flow wp-block-column-is-layout-flow\"><div  class=\"jet-form-builder-row field-type-text-field\" >\n<div class=\"jet-form-builder__label\">\r\n<div class=\"jet-form-builder__label-text\">S\u1ed1 \u0110i\u1ec7n Tho\u1ea1i <span class=\"jet-form-builder__required\">*<\/span><\/div><\/div><div class=\"jet-form-builder__field-wrap\">\n\t\t\t\t<input required=\"required\" name=\"phone\" id=\"phone\" type=\"tel\" data-field-name=\"phone\" class=\"jet-form-builder__field text-field\" data-jfb-sync=\"null\" autocomplete=\"off_TBAcO2C1\">\n\t\t\t\t\t<\/div>\n<\/div><\/div>\n<\/div>\n\n\n\n<div class=\"wp-block-columns is-layout-flex wp-container-core-columns-is-layout-28f84493 wp-block-columns-is-layout-flex\">\n<div class=\"wp-block-column is-layout-flow wp-block-column-is-layout-flow\"><div  class=\"jet-form-builder-row field-type-select-field wp-block-jet-forms-select-field\">\n<div class=\"jet-form-builder__label\">\r\n<div class=\"jet-form-builder__label-text\">Qu\u1ed1c Gia <span class=\"jet-form-builder__required\">*<\/span><\/div><\/div><div class=\"jet-form-builder__field-wrap\">\n\t<select class=\"jet-form-builder__field select-field\" required=\"required\" name=\"country\" data-field-name=\"country\" id=\"country\" data-jfb-sync=\"null\">\n\t\t<option value=\"Vietnam\" >Vi\u1ec7t Nam<\/option><option value=\"Malaysia\" >Malaysia<\/option><option value=\"Taiwan\" >\u0110\u00e0i Loan<\/option><option value=\"Philippines\" >Philippines<\/option>\t<\/select>\n<\/div>\n<\/div><\/div>\n\n\n\n<div class=\"wp-block-column is-layout-flow wp-block-column-is-layout-flow\"><div  class=\"jet-form-builder-row field-type-select-field wp-block-jet-forms-select-field\">\n<div class=\"jet-form-builder__label\">\r\n<div class=\"jet-form-builder__label-text\">D\u1ecbch V\u1ee5 C\u1ea7n T\u01b0 V\u1ea5n <span class=\"jet-form-builder__required\">*<\/span><\/div><\/div><div class=\"jet-form-builder__field-wrap\">\n\t<select class=\"jet-form-builder__field select-field\" required=\"required\" name=\"enquiry_type\" data-field-name=\"enquiry_type\" id=\"enquiry_type\" data-jfb-sync=\"null\">\n\t\t<option value=\"\"  selected>Vui L\u00f2ng Ch\u1ecdn<\/option><option value=\"Large Scale Solar \" >\u0110i\u1ec7n M\u1eb7t Tr\u1eddi Quy M\u00f4 L\u1edbn (LSS) <\/option><option value=\"Commercial & Industrial Solar\" >\u0110i\u1ec7n M\u1eb7t Tr\u1eddi Th\u01b0\u01a1ng M\u1ea1i V\u00e0 C\u00f4ng Nghi\u1ec7p (C&amp;I Solar)<\/option><option value=\"Renewable Energy Certificates\" >Ch\u1ee9ng Ch\u1ec9 N\u0103ng L\u01b0\u1ee3ng T\u00e1i T\u1ea1o (REC)<\/option><option value=\"Operations & Maintenance\" >V\u1eadn H\u00e0nh V\u00e0 B\u1ea3o D\u01b0\u1ee1ng<\/option><option value=\"Solar Financing\" >Gi\u1ea3i Ph\u00e1p T\u00e0i Ch\u00ednh<\/option>\t<\/select>\n<\/div>\n<\/div><\/div>\n<\/div>\n\n\n<input type=\"hidden\" class=\"captcha-token\" name=\"_captcha_token\" value=\"\"\/><div  class=\"jet-form-builder-row field-type-submit-field\" >\n\t<div data-type=\"submit\" class=\"jet-form-builder__action-button-wrapper jet-form-builder__submit-wrap\">\n\t<button class=\"jet-form-builder__action-button jet-form-builder__submit submit-type-ajax\" type=\"submit\">G\u1eedi<\/button>\n\t<\/div>\n\t\n<\/div>\t<div class=\"jet-form-builder-messages-wrap\" data-form-id=\"588\"><\/div>\n<input type=\"hidden\" name=\"trp-form-language\" value=\"vn\"\/><\/form>\n\t\t\t\t<\/div>\n\t\t\t\t<\/div>\n\t\t\t\t<\/div>\n\t\t\t\t\t<\/div>\n\t\t\t\t<\/div>\n\t\t<div class=\"elementor-element elementor-element-57f41b8 e-flex e-con-boxed e-con e-parent\" data-id=\"57f41b8\" data-element_type=\"container\" data-e-type=\"container\">\n\t\t\t\t\t<div class=\"e-con-inner\">\n\t\t<div class=\"elementor-element elementor-element-1f1e9aa e-con-full e-flex e-con e-child\" data-id=\"1f1e9aa\" data-element_type=\"container\" data-e-type=\"container\">\n\t\t\t\t<div class=\"elementor-element elementor-element-eaf561e google-map elementor-widget-mobile__width-inherit elementor-widget elementor-widget-google_maps\" data-id=\"eaf561e\" data-element_type=\"widget\" data-e-type=\"widget\" data-widget_type=\"google_maps.default\">\n\t\t\t\t\t\t\t<div class=\"elementor-custom-embed\">\n\t\t\t<iframe loading=\"lazy\"\n\t\t\t\t\tsrc=\"https:\/\/maps.google.com\/maps?q=Solarvest%2C%20No.%2006%2C%20Street%2012A%2C%20Quarter%205%2C%20Thu%20Duc%20City%2C%20Ho%20Chi%20Minh%20City%2C%20Vietnam&#038;t=m&#038;z=15&#038;output=embed&#038;iwloc=near\"\n\t\t\t\t\ttitle=\"Solarvest, No. 06, Street 12A, Quarter 5, Thu Duc City, Ho Chi Minh City, Vietnam\"\n\t\t\t\t\taria-label=\"Solarvest, No. 06, Street 12A, Quarter 5, Thu Duc City, Ho Chi Minh City, Vietnam\"\n\t\t\t><\/iframe>\n\t\t<\/div>\n\t\t\t\t\t\t<\/div>\n\t\t\t\t<\/div>\n\t\t<div class=\"elementor-element elementor-element-4cfebe0 e-con-full e-flex e-con e-child\" data-id=\"4cfebe0\" data-element_type=\"container\" data-e-type=\"container\">\n\t\t<div class=\"elementor-element elementor-element-07df337 e-con-full e-flex e-con e-child\" data-id=\"07df337\" data-element_type=\"container\" data-e-type=\"container\">\n\t\t\t\t<div class=\"elementor-element elementor-element-f0e94ea elementor-widget elementor-widget-heading\" data-id=\"f0e94ea\" data-element_type=\"widget\" data-e-type=\"widget\" data-widget_type=\"heading.default\">\n\t\t\t\t\t<h2 class=\"elementor-heading-title elementor-size-default\">Hotline\/ Zalo<\/h2>\t\t\t\t<\/div>\n\t\t\t\t<div class=\"elementor-element elementor-element-a5ff5c9 elementor-widget elementor-widget-heading\" data-id=\"a5ff5c9\" data-element_type=\"widget\" data-e-type=\"widget\" data-widget_type=\"heading.default\">\n\t\t\t\t\t<h2 class=\"elementor-heading-title elementor-size-default\"><a href=\"https:\/\/id.zalo.me\/account?continue=http%3A%2F%2Fzalo%2Eme%2F576626021299911036\" target=\"_blank\" rel=\"noopener\">+84 971517311<\/a><\/h2>\t\t\t\t<\/div>\n\t\t\t\t<\/div>\n\t\t<div class=\"elementor-element elementor-element-244b29a e-con-full e-flex e-con e-child\" data-id=\"244b29a\" data-element_type=\"container\" data-e-type=\"container\">\n\t\t\t\t<div class=\"elementor-element elementor-element-1aae314 elementor-widget elementor-widget-heading\" data-id=\"1aae314\" data-element_type=\"widget\" data-e-type=\"widget\" data-widget_type=\"heading.default\">\n\t\t\t\t\t<h2 class=\"elementor-heading-title elementor-size-default\">\u0110\u1ecba ch\u1ec9<\/h2>\t\t\t\t<\/div>\n\t\t\t\t<div class=\"elementor-element elementor-element-d4f999d elementor-widget elementor-widget-heading\" data-id=\"d4f999d\" data-element_type=\"widget\" data-e-type=\"widget\" data-widget_type=\"heading.default\">\n\t\t\t\t\t<h2 class=\"elementor-heading-title elementor-size-default\"><a href=\"https:\/\/maps.app.goo.gl\/DeSie7EgAhUVoMaf7\" target=\"_blank\" rel=\"noopener\">S\u1ed1 6, \u0110\u01b0\u1eddng 12A, Khu ph\u1ed1 3, Ph\u01b0\u1eddng B\u00ecnh Tr\u01b0ng, TP. H\u1ed3 Ch\u00ed Minh, Vi\u1ec7t Nam.<\/a><\/h2>\t\t\t\t<\/div>\n\t\t\t\t<\/div>\n\t\t<div class=\"elementor-element elementor-element-7ae33c9 e-con-full e-flex e-con e-child\" data-id=\"7ae33c9\" data-element_type=\"container\" data-e-type=\"container\">\n\t\t\t\t<div class=\"elementor-element elementor-element-bd612a4 elementor-widget elementor-widget-heading\" data-id=\"bd612a4\" data-element_type=\"widget\" data-e-type=\"widget\" data-widget_type=\"heading.default\">\n\t\t\t\t\t<h2 class=\"elementor-heading-title elementor-size-default\">Email<\/h2>\t\t\t\t<\/div>\n\t\t\t\t<div class=\"elementor-element elementor-element-0fcefb9 elementor-widget elementor-widget-heading\" data-id=\"0fcefb9\" data-element_type=\"widget\" data-e-type=\"widget\" data-widget_type=\"heading.default\">\n\t\t\t\t\t<h2 class=\"elementor-heading-title elementor-size-default\"><a href=\"mailto:invest@solarvest.com\">invest@solarvest.com<\/a><\/h2>\t\t\t\t<\/div>\n\t\t\t\t<\/div>\n\t\t<div class=\"elementor-element elementor-element-4e5ed50 e-con-full e-flex e-con e-child\" data-id=\"4e5ed50\" data-element_type=\"container\" data-e-type=\"container\">\n\t\t\t\t<div class=\"elementor-element elementor-element-27d8537 elementor-widget elementor-widget-heading\" data-id=\"27d8537\" data-element_type=\"widget\" data-e-type=\"widget\" data-widget_type=\"heading.default\">\n\t\t\t\t\t<h2 class=\"elementor-heading-title elementor-size-default\">K\u1ebft n\u1ed1i v\u1edbi Ch\u00fang t\u00f4i<\/h2>\t\t\t\t<\/div>\n\t\t\t\t<div class=\"elementor-element elementor-element-bb4da7a elementor-shape-circle elementor-grid-0 elementor-widget elementor-widget-social-icons\" data-id=\"bb4da7a\" data-element_type=\"widget\" data-e-type=\"widget\" data-widget_type=\"social-icons.default\">\n\t\t\t\t\t\t\t<div class=\"elementor-social-icons-wrapper elementor-grid\" role=\"list\">\n\t\t\t\t\t\t\t<span class=\"elementor-grid-item\" role=\"listitem\">\n\t\t\t\t\t<a class=\"elementor-icon elementor-social-icon elementor-social-icon-facebook-f elementor-repeater-item-8a85445\" href=\"https:\/\/www.facebook.com\/profile.php?id=61572071159205\" target=\"_blank\" rel=\"noopener\">\n\t\t\t\t\t\t<span class=\"elementor-screen-only\">Facebook-f<\/span>\n\t\t\t\t\t\t<svg aria-hidden=\"true\" class=\"e-font-icon-svg e-fab-facebook-f\" viewbox=\"0 0 320 512\" xmlns=\"http:\/\/www.w3.org\/2000\/svg\"><path d=\"M279.14 288l14.22-92.66h-88.91v-60.13c0-25.35 12.42-50.06 52.24-50.06h40.42V6.26S260.43 0 225.36 0c-73.22 0-121.08 44.38-121.08 124.72v70.62H22.89V288h81.39v224h100.17V288z\"><\/path><\/svg>\t\t\t\t\t<\/a>\n\t\t\t\t<\/span>\n\t\t\t\t\t\t\t<span class=\"elementor-grid-item\" role=\"listitem\">\n\t\t\t\t\t<a class=\"elementor-icon elementor-social-icon elementor-social-icon-linkedin-in elementor-repeater-item-de032f4\" href=\"https:\/\/www.linkedin.com\/company\/solarvest-vietnam\/?viewAsMember=true\" target=\"_blank\" rel=\"noopener\">\n\t\t\t\t\t\t<span class=\"elementor-screen-only\">Linkedin-in<\/span>\n\t\t\t\t\t\t<svg aria-hidden=\"true\" class=\"e-font-icon-svg e-fab-linkedin-in\" viewbox=\"0 0 448 512\" xmlns=\"http:\/\/www.w3.org\/2000\/svg\"><path d=\"M100.28 448H7.4V148.9h92.88zM53.79 108.1C24.09 108.1 0 83.5 0 53.8a53.79 53.79 0 0 1 107.58 0c0 29.7-24.1 54.3-53.79 54.3zM447.9 448h-92.68V302.4c0-34.7-.7-79.2-48.29-79.2-48.29 0-55.69 37.7-55.69 76.7V448h-92.78V148.9h89.08v40.8h1.3c12.4-23.5 42.69-48.3 87.88-48.3 94 0 111.28 61.9 111.28 142.3V448z\"><\/path><\/svg>\t\t\t\t\t<\/a>\n\t\t\t\t<\/span>\n\t\t\t\t\t<\/div>\n\t\t\t\t\t\t<\/div>\n\t\t\t\t<\/div>\n\t\t\t\t<\/div>\n\t\t\t\t\t<\/div>\n\t\t\t\t<\/div>\n\t\t\t\t<\/div>","protected":false},"excerpt":{"rendered":"<p>Connect with Us for Clean Energy Solutions Connect with us today to explore tailored clean energy solutions for your needs. First Name * Last Name * Email * Phone * Country * VietnamMalaysiaTaiwanPhilippines Enquiry Type * Please SelectLarge Scale Solar Commercial &#038; Industrial SolarRenewable Energy CertificatesOperations &#038; MaintenanceSolar Financing Submit Hotline \/ Zalo +84 971517311 [&hellip;]<\/p>\n","protected":false},"author":1,"featured_media":0,"parent":0,"menu_order":0,"comment_status":"closed","ping_status":"closed","template":"","meta":{"footnotes":""},"class_list":["post-13","page","type-page","status-publish","hentry"],"_links":{"self":[{"href":"https:\/\/solarvest.vn\/vn\/wp-json\/wp\/v2\/pages\/13","targetHints":{"allow":["GET"]}}],"collection":[{"href":"https:\/\/solarvest.vn\/vn\/wp-json\/wp\/v2\/pages"}],"about":[{"href":"https:\/\/solarvest.vn\/vn\/wp-json\/wp\/v2\/types\/page"}],"author":[{"embeddable":true,"href":"https:\/\/solarvest.vn\/vn\/wp-json\/wp\/v2\/users\/1"}],"replies":[{"embeddable":true,"href":"https:\/\/solarvest.vn\/vn\/wp-json\/wp\/v2\/comments?post=13"}],"version-history":[{"count":162,"href":"https:\/\/solarvest.vn\/vn\/wp-json\/wp\/v2\/pages\/13\/revisions"}],"predecessor-version":[{"id":2879,"href":"https:\/\/solarvest.vn\/vn\/wp-json\/wp\/v2\/pages\/13\/revisions\/2879"}],"wp:attachment":[{"href":"https:\/\/solarvest.vn\/vn\/wp-json\/wp\/v2\/media?parent=13"}],"curies":[{"name":"wp","href":"https:\/\/api.w.org\/{rel}","templated":true}]}}